{"id":15,"date":"2016-05-02T13:53:33","date_gmt":"2016-05-02T11:53:33","guid":{"rendered":"http:\/\/localhost:8888\/Mathias%20Gratry\/wordpress\/?page_id=15"},"modified":"2026-03-23T16:09:11","modified_gmt":"2026-03-23T15:09:11","slug":"unternehmen","status":"publish","type":"page","link":"https:\/\/grago.ch\/de\/unternehmen\/","title":{"rendered":"Unternehmen","raw":"Unternehmen"},"content":{"rendered":"<p>GRAGO SA est une soci\u00e9t\u00e9 anonyme\u00a0de droit suisse de promotion immobili\u00e8re. Fond\u00e9e en 2004, elle\u00a0d\u00e9ploie son\u00a0activit\u00e9 de d\u00e9veloppement\u00a0pour son propre compte comme pour celui de tiers.<\/p>\n<p><a href=\"https:\/\/ch.linkedin.com\/in\/dahl-brunel-959b66131\">Dahl BRUNEL<\/a> (directeur-associ\u00e9), rejoint la direction de GRAGO SA en 2019.<\/p>\n<p><a href=\"https:\/\/www.linkedin.com\/in\/nicolas-godel-75410139\/\">Nicolas GODEL<\/a>(fondateur et directeur-associ\u00e9), titulaire du brevet f\u00e9d\u00e9ral de promoteur\u00a0immobilier, est ing\u00e9nieur HES, dipl\u00f4m\u00e9 de l\u2019\u00c9cole d\u2019ing\u00e9nieur de Gen\u00e8ve (EIG).<\/p>\n<p><a href=\"https:\/\/www.linkedin.com\/in\/mathias-gratry-mrics-88430623\/\">Mathias GRATRY<\/a>(fondateur et directeur-associ\u00e9), titulaire du brevet f\u00e9d\u00e9ral de promoteur\u00a0immobilier, est \u00e9conomiste (MRICS &#8211; chartered development and planning surveyor), dipl\u00f4m\u00e9 de\u00a0la London School of Economics (MSc hons. Immobilier et Planification Urbaine), de l\u2019Institut des Hautes \u00c9tudes Internationales (MSc Relations Internationales) et de l\u2019Universit\u00e9 de Gen\u00e8ve (BSc Sciences Economiques).<\/p>\n<p>GRAGO SA est membre <a href=\"http:\/\/www.apcg.ch\">de l&#8217;Association des Promoteurs Constructeurs Genevois (APCG),<\/a> <a href=\"https:\/\/www.rics.org\/uk\/news-insight\/\">de la Royal Institution of Chartered Surveyors (RICS),<\/a> <a href=\"https:\/\/www.svit.ch\/fr\">de l\u2019Association Suisse de l\u2019Economie Immobili\u00e8re (SVIT),<\/a> <a href=\"https:\/\/www.cgionline.ch\">de la Chambre Genevoise Immobili\u00e8re (CGI) <\/a><a href=\"https:\/\/www.ccig.ch\">et de la Chambre de Commerce et d\u2019Industrie de Gen\u00e8ve (CCIG).<\/a><\/p>\n","protected":false,"raw":"GRAGO SA est une soci\u00e9t\u00e9 anonyme\u00a0de droit suisse de promotion immobili\u00e8re. Fond\u00e9e en 2004, elle\u00a0d\u00e9ploie son\u00a0activit\u00e9 de d\u00e9veloppement\u00a0pour son propre compte comme pour celui de tiers.\r\n\r\n<a href=\"https:\/\/ch.linkedin.com\/in\/dahl-brunel-959b66131\">Dahl BRUNEL<\/a> (directeur-associ\u00e9), rejoint la direction de GRAGO SA en 2019.\r\n\r\n<a href=\"https:\/\/www.linkedin.com\/in\/nicolas-godel-75410139\/\">Nicolas GODEL<\/a>(fondateur et directeur-associ\u00e9), titulaire du brevet f\u00e9d\u00e9ral de promoteur\u00a0immobilier, est ing\u00e9nieur HES, dipl\u00f4m\u00e9 de l\u2019\u00c9cole d\u2019ing\u00e9nieur de Gen\u00e8ve (EIG).\r\n\r\n<a href=\"https:\/\/www.linkedin.com\/in\/mathias-gratry-mrics-88430623\/\">Mathias GRATRY<\/a>(fondateur et directeur-associ\u00e9), titulaire du brevet f\u00e9d\u00e9ral de promoteur\u00a0immobilier, est \u00e9conomiste (MRICS - chartered development and planning surveyor), dipl\u00f4m\u00e9 de\u00a0la London School of Economics (MSc hons. Immobilier et Planification Urbaine), de l\u2019Institut des Hautes \u00c9tudes Internationales (MSc Relations Internationales) et de l\u2019Universit\u00e9 de Gen\u00e8ve (BSc Sciences Economiques).\r\n\r\nGRAGO SA est membre <a href=\"http:\/\/www.apcg.ch\">de l'Association des Promoteurs Constructeurs Genevois (APCG),<\/a> <a href=\"https:\/\/www.rics.org\/uk\/news-insight\/\">de la Royal Institution of Chartered Surveyors (RICS),<\/a> <a href=\"https:\/\/www.svit.ch\/fr\">de l\u2019Association Suisse de l\u2019Economie Immobili\u00e8re (SVIT),<\/a> <a href=\"https:\/\/www.cgionline.ch\">de la Chambre Genevoise Immobili\u00e8re (CGI) <\/a><a href=\"https:\/\/www.ccig.ch\">et de la Chambre de Commerce et d\u2019Industrie de Gen\u00e8ve (CCIG).<\/a>"},"excerpt":{"rendered":"","protected":false,"raw":""},"author":1,"featured_media":0,"parent":0,"menu_order":0,"comment_status":"closed","ping_status":"closed","template":"","meta":{"_fr_post_content":"GRAGO SA est une soci\u00e9t\u00e9 anonyme\u00a0de droit suisse de promotion immobili\u00e8re et d'investissement, fond\u00e9e en 2004.\r\n\r\n<a href=\"https:\/\/ch.linkedin.com\/in\/dahl-brunel-959b66131\">Dahl BRUNEL<\/a> (directeur-associ\u00e9), rejoint la direction de GRAGO SA en 2019.\r\n\r\n<a href=\"https:\/\/www.linkedin.com\/in\/nicolas-godel-75410139\/\">Nicolas GODEL<\/a> (fondateur et directeur-associ\u00e9), titulaire du brevet f\u00e9d\u00e9ral de promoteur immobilier, est ing\u00e9nieur HES, dipl\u00f4m\u00e9 de l\u2019\u00c9cole d\u2019ing\u00e9nieur de Gen\u00e8ve (EIG); il est professeur dans le cadre du brevet f\u00e9d\u00e9ral.\r\n\r\n<a href=\"https:\/\/www.linkedin.com\/in\/mathias-gratry-mrics-88430623\/\">Mathias GRATRY<\/a> (fondateur et directeur-associ\u00e9), titulaire du brevet f\u00e9d\u00e9ral de promoteur immobilier, est \u00e9conomiste (MRICS - chartered development and planning surveyor), dipl\u00f4m\u00e9 de la London School of Economics LSE (MSc hons. Immobilier et Planification Urbaine), de l\u2019Institut des Hautes \u00c9tudes Internationales IHEID (MSc Relations Internationales), de l\u2019Universit\u00e9 de Gen\u00e8ve (BSc Sciences Economiques); il est membre du comit\u00e9 directeur de l'Association des Promoteurs Constructeurs Genevois (APCG) et expert aux examens du brevet f\u00e9d\u00e9ral.\r\n\r\nGRAGO SA est membre <a href=\"http:\/\/www.apcg.ch\">de l'Association des Promoteurs Constructeurs Genevois (APCG),<\/a> <a href=\"https:\/\/www.rics.org\/uk\/news-insight\/\">de la Royal Institution of Chartered Surveyors (MRICS),<\/a> <a href=\"https:\/\/www.svit.ch\/fr\">de l\u2019Association Suisse de l\u2019Economie Immobili\u00e8re (SVIT),<\/a> <a href=\"https:\/\/www.cgionline.ch\">de la Chambre Genevoise Immobili\u00e8re (CGI)<\/a><a href=\"https:\/\/www.ccig.ch\">, de la Chambre de Commerce et d\u2019Industrie de Gen\u00e8ve (CCIG).<\/a>\r\n\r\nGRAGO SA est signataire de l'Engagement pour une culture du b\u00e2ti de qualit\u00e9 en Suisse, <a href=\"https:\/\/www.fondation-culture-du-bati-suisse.ch\/kodex-hohe-baukultur\">membre de la Fondation pour la Culture du B\u00e2ti suisse.<\/a>","_fr_post_name":"a-propos","_fr_post_excerpt":"","_fr_post_title":"\u00c0 propos","_de_post_content":"GRAGO SA est une soci\u00e9t\u00e9 anonyme\u00a0de droit suisse de promotion immobili\u00e8re. Fond\u00e9e en 2004, elle\u00a0d\u00e9ploie son\u00a0activit\u00e9 de d\u00e9veloppement\u00a0pour son propre compte comme pour celui de tiers.\r\n\r\n<a href=\"https:\/\/ch.linkedin.com\/in\/dahl-brunel-959b66131\">Dahl BRUNEL<\/a> (directeur-associ\u00e9), rejoint la direction de GRAGO SA en 2019.\r\n\r\n<a href=\"https:\/\/www.linkedin.com\/in\/nicolas-godel-75410139\/\">Nicolas GODEL<\/a>(fondateur et directeur-associ\u00e9), titulaire du brevet f\u00e9d\u00e9ral de promoteur\u00a0immobilier, est ing\u00e9nieur HES, dipl\u00f4m\u00e9 de l\u2019\u00c9cole d\u2019ing\u00e9nieur de Gen\u00e8ve (EIG).\r\n\r\n<a href=\"https:\/\/www.linkedin.com\/in\/mathias-gratry-mrics-88430623\/\">Mathias GRATRY<\/a>(fondateur et directeur-associ\u00e9), titulaire du brevet f\u00e9d\u00e9ral de promoteur\u00a0immobilier, est \u00e9conomiste (MRICS - chartered development and planning surveyor), dipl\u00f4m\u00e9 de\u00a0la London School of Economics (MSc hons. Immobilier et Planification Urbaine), de l\u2019Institut des Hautes \u00c9tudes Internationales (MSc Relations Internationales) et de l\u2019Universit\u00e9 de Gen\u00e8ve (BSc Sciences Economiques).\r\n\r\nGRAGO SA est membre <a href=\"http:\/\/www.apcg.ch\">de l'Association des Promoteurs Constructeurs Genevois (APCG),<\/a> <a href=\"https:\/\/www.rics.org\/uk\/news-insight\/\">de la Royal Institution of Chartered Surveyors (RICS),<\/a> <a href=\"https:\/\/www.svit.ch\/fr\">de l\u2019Association Suisse de l\u2019Economie Immobili\u00e8re (SVIT),<\/a> <a href=\"https:\/\/www.cgionline.ch\">de la Chambre Genevoise Immobili\u00e8re (CGI) <\/a><a href=\"https:\/\/www.ccig.ch\">et de la Chambre de Commerce et d\u2019Industrie de Gen\u00e8ve (CCIG).<\/a>","_de_post_name":"unternehmen","_de_post_excerpt":"","_de_post_title":"Unternehmen","_en_post_content":"GRAGO SA is a Swiss public limited property development company. Founded in 2004, GRAGO SA develops for its own account as well as for external clients.\r\n\r\n<a href=\"https:\/\/ch.linkedin.com\/in\/dahl-brunel-959b66131\">Dahl BRUNEL<\/a> (associate-director) joined GRAGO SA in 2019.\r\n\r\n<a href=\"https:\/\/www.linkedin.com\/in\/nicolas-godel-75410139\/\">Nicolas GODEL<\/a> (founder and associate-director), holder of the Swiss Federal Diploma in Real Estate Development, is a HES-Engineer certified from the Engineering School of Geneva (EIG).\r\n\r\n<a href=\"https:\/\/www.linkedin.com\/in\/mathias-gratry-88430623\/\">Mathias GRATRY<\/a> (founder and associate-director), holder of the Swiss Federal Diploma in Real Estate Development, is an economist (MRICS \u2013 chartered development and planning surveyor) with a degree from the London School of Economics (LSE) \u2013 (MSc with honours Property Development, Urban Planning Politics and Real Estate Economics), the Graduate Institute of International Studies (IHEID) -- (MSc International Relations) and the University of Geneva (UNIGE) \u2013 (BSc Economics).\r\n\r\nGRAGO SA is a member of the Association des Promoteurs Constructeurs Genevois (<a style=\"display: inline;\" href=\"http:\/\/www.apcg.ch\/\">APCG<\/a>), the Royal Institution of Chartered Surveyors (<a style=\"display: inline;\" href=\"https:\/\/www.rics.org\/uk\/\">RICS<\/a>), the Association Suisse de l\u2019Economie Immobili\u00e8re (<a style=\"display: inline;\" href=\"https:\/\/www.svit.ch\/de\">SVIT<\/a>), the Chambre Genevoise Immobili\u00e8re (<a style=\"display: inline;\" href=\"https:\/\/www.cgionline.ch\/\">CGI<\/a>) and the Chambre de Commerce et d\u2019Industrie de Gen\u00e8ve (<a style=\"display: inline;\" href=\"https:\/\/www.ccig.ch\/\">CCIG<\/a>).","_en_post_name":"a-propos","_en_post_excerpt":"","_en_post_title":"About Us","edit_language":"de"},"_links":{"self":[{"href":"https:\/\/grago.ch\/de\/wp-json\/wp\/v2\/pages\/15"}],"collection":[{"href":"https:\/\/grago.ch\/de\/wp-json\/wp\/v2\/pages"}],"about":[{"href":"https:\/\/grago.ch\/de\/wp-json\/wp\/v2\/types\/page"}],"author":[{"embeddable":true,"href":"https:\/\/grago.ch\/de\/wp-json\/wp\/v2\/users\/1"}],"replies":[{"embeddable":true,"href":"https:\/\/grago.ch\/de\/wp-json\/wp\/v2\/comments?post=15"}],"version-history":[{"count":103,"href":"https:\/\/grago.ch\/de\/wp-json\/wp\/v2\/pages\/15\/revisions"}],"predecessor-version":[{"id":1674,"href":"https:\/\/grago.ch\/de\/wp-json\/wp\/v2\/pages\/15\/revisions\/1674"}],"wp:attachment":[{"href":"https:\/\/grago.ch\/de\/wp-json\/wp\/v2\/media?parent=15"}],"curies":[{"name":"wp","href":"https:\/\/api.w.org\/{rel}","templated":true}]}}